{"id":14,"date":"2018-02-06T11:37:32","date_gmt":"2018-02-06T10:37:32","guid":{"rendered":"http:\/\/ib-klenner.de\/?page_id=14"},"modified":"2018-02-19T20:50:19","modified_gmt":"2018-02-19T19:50:19","slug":"impressum","status":"publish","type":"page","link":"http:\/\/ib-klenner.de\/?page_id=14","title":{"rendered":"Impressum"},"content":{"rendered":"<p class=\"Stil23\" align=\"left\"><span class=\"Stil12\"><span class=\"Stil2\">i<\/span>ngenieur<span class=\"Stil2\">b<\/span>\u00fcro <span class=\"Stil2\">Klenner<br \/>\n<\/span><\/span><span class=\"Stil12\"> Qualit\u00e4tsmanagement<\/span><\/p>\n<p>Dipl.-Ing. BERND KLENNER<\/p>\n<p class=\"Stil23\" align=\"left\">Gartenstra\u00dfe 5a<br \/>\n63755 ALZENAU<\/p>\n<div align=\"left\">\n<table style=\"height: 157px;\" border=\"0\" width=\"536\">\n<tbody>\n<tr>\n<td width=\"16%\">\n<p class=\"Stil23\">Telefon<br \/>\nE-Mail<br \/>\nB\u00fcro<\/p>\n<\/td>\n<td width=\"84%\"><span class=\"Stil23\">+49 (0) 60 23 99 99 10<br \/>\n<a href=\"mailto:bernd@ib-klenner.de\">bernd@ib-klenner.de<\/a><br \/>\n<a href=\"mailto:info@ib-klenner.de\">info@ib-klenner.de <\/a> <\/span><\/td>\n<\/tr>\n<\/tbody>\n<\/table>\n<\/div>\n<p class=\"Stil23\" align=\"left\">Amtsgericht Aschaffenburg &#8211; Alzenau<br \/>\nUst-IdNr.: DE 814316503<\/p>\n<p>Design und Programmierung von Bj\u00f6rn Klenner<br \/>\nE-Mail: <a href=\"mailto:info@ib-klenner.de\">info@ib-klenner.de<\/a><\/p>\n<p>Hinweis zu externen Links:<\/p>\n<p class=\"Stil23\" align=\"left\">Das I<span class=\"Stil18\">ngenieur<span class=\"Stil2\">b<\/span>\u00fcro <span class=\"Stil2\">Klenner<\/span><\/span> ist als Inhaltsanbieter f\u00fcr die eigenen Inhalte, die es zur Nutzung bereith\u00e4lt, nach den allgemeinen Gesetzen verantwortlich.<\/p>\n<p class=\"Stil23\" align=\"left\">Von diesen eigenen Inhalten sind Querverweise (&#8222;Links&#8220;) auf die von anderen Anbietern bereitgehaltenen Inhalte zu unterscheiden.<\/p>\n<p class=\"Stil23\" align=\"left\">Diese fremden Inhalte stammen nicht vom I<span class=\"Stil18\">ngenieur<span class=\"Stil2\">b<\/span>\u00fcro <span class=\"Stil2\">Klenner<\/span>,<\/span> noch hat es die M\u00f6glichkeit, den Inhalt von Seiten Dritter zu beeinflussen. Die Inhalte fremder Seiten, auf die das I<span class=\"Stil18\">ngenieur<span class=\"Stil2\">b<\/span>\u00fcro <span class=\"Stil2\">Klenner<\/span><\/span> mittels Links hinweist, spiegeln nicht die Meinung des Anbieters wider, sondern dienen lediglich der Information und der Darstellung von Zusammenh\u00e4ngen.<\/p>\n<p class=\"Stil23\" align=\"left\"><span class=\"Stil18\">Das Ingenieur<span class=\"Stil2\">b<\/span>\u00fcro <span class=\"Stil2\">Klenner<\/span><\/span> haftet nicht f\u00fcr fremde Inhalte, auf die es lediglich im oben genannten Sinne hinweist. Die Verantwortlichkeit liegt alleine bei dem Anbieter der Inhalte.<\/p>\n<p class=\"Stil23\" align=\"left\"><a href=\"http:\/\/www.disclaimer.de\/disclaimer.htm\" target=\"_blank\" rel=\"noopener\">Disclaimer<\/a><\/p>\n","protected":false},"excerpt":{"rendered":"<p>ingenieurb\u00fcro Klenner Qualit\u00e4tsmanagement Dipl.-Ing. BERND KLENNER Gartenstra\u00dfe 5a 63755 ALZENAU Telefon E-Mail B\u00fcro +49 (0) 60 23 99 99 10 bernd@ib-klenner.de info@ib-klenner.de Amtsgericht Aschaffenburg &#8211; Alzenau Ust-IdNr.: DE 814316503 Design <a class=\"more-link\" href=\"http:\/\/ib-klenner.de\/?page_id=14\">Weiterlesen \u2192<\/a><\/p>\n","protected":false},"author":1,"featured_media":0,"parent":0,"menu_order":0,"comment_status":"closed","ping_status":"closed","template":"","meta":[],"_links":{"self":[{"href":"http:\/\/ib-klenner.de\/index.php?rest_route=\/wp\/v2\/pages\/14"}],"collection":[{"href":"http:\/\/ib-klenner.de\/index.php?rest_route=\/wp\/v2\/pages"}],"about":[{"href":"http:\/\/ib-klenner.de\/index.php?rest_route=\/wp\/v2\/types\/page"}],"author":[{"embeddable":true,"href":"http:\/\/ib-klenner.de\/index.php?rest_route=\/wp\/v2\/users\/1"}],"replies":[{"embeddable":true,"href":"http:\/\/ib-klenner.de\/index.php?rest_route=%2Fwp%2Fv2%2Fcomments&post=14"}],"version-history":[{"count":6,"href":"http:\/\/ib-klenner.de\/index.php?rest_route=\/wp\/v2\/pages\/14\/revisions"}],"predecessor-version":[{"id":72,"href":"http:\/\/ib-klenner.de\/index.php?rest_route=\/wp\/v2\/pages\/14\/revisions\/72"}],"wp:attachment":[{"href":"http:\/\/ib-klenner.de\/index.php?rest_route=%2Fwp%2Fv2%2Fmedia&parent=14"}],"curies":[{"name":"wp","href":"https:\/\/api.w.org\/{rel}","templated":true}]}}