{"id":17,"date":"2018-02-06T11:37:32","date_gmt":"2018-02-06T10:37:32","guid":{"rendered":"http:\/\/ib-klenner.de\/?page_id=17"},"modified":"2021-02-17T15:15:57","modified_gmt":"2021-02-17T14:15:57","slug":"startseite","status":"publish","type":"page","link":"http:\/\/ib-klenner.de\/","title":{"rendered":"Startseite"},"content":{"rendered":"<p><img loading=\"lazy\" class=\"wp-image-67 size-full alignright\" src=\"http:\/\/ib-klenner.de\/wp-content\/uploads\/2018\/02\/Bernd-2018_WEB_klein.jpg\" alt=\"\" width=\"180\" height=\"260\" \/><\/p>\n<p>Dipl.-Ing. Bernd Klenner<\/p>\n<p><strong>Gartenstr. 5a<\/strong><br \/>\n<strong> 63755 Alzenau<\/strong><\/p>\n<p>Telefon: +49 (0) 60 23 \/ 99 99 10<br \/>\ne-mail: bernd@ib-klenner.de<\/p>\n<p class=\"Stil1\">Das Ingenieurb\u00fcro Klenner ist seit 2005 in der Beratung, Coaching, Schulung, sowie im Rahmen von Dienstleistungen im Bereich des Qualit\u00e4tsmanagements t\u00e4tig. Unsere Kunden sind Klein- und mittelst\u00e4ndische Unternehmen der Elektrotechnik, des Maschinenbaus, der Mess- und Pr\u00fcftechnik\u00a0und des Dienstleistungsbereichs (Pr\u00fcf- und Kalibrierlaboratorien).<\/p>\n<p class=\"Stil2\">Regelwerke: DIN EN ISO\/IEC 17025:2018 und DIN EN ISO 9001:2015 (nur in Verbindung mit ISO 17025)<\/p>\n<p class=\"Stil2\">Aufgabe und Ziel ist es, Unternehmen verschiedener Strukturen und Ausrichtungen zu beraten und beim Aufbau,\u00a0der Optimierung oder der Reorganisation von Managementsystemen bis hin zu einer Zertifizierung \/ Akkreditierung zu unterst\u00fctzen.<\/p>\n<p class=\"Stil2\">Wir unterst\u00fctzen\u00a0Sie bei der Aktualisierung Ihrer Managementdokumentation.<\/p>\n<p>Die Zufriedenheit und der Nutzen f\u00fcr den Kunden stehen dabei im Mittelpunkt unserer T\u00e4tigkeiten.<\/p>\n","protected":false},"excerpt":{"rendered":"<p>Dipl.-Ing. Bernd Klenner Gartenstr. 5a 63755 Alzenau Telefon: +49 (0) 60 23 \/ 99 99 10 e-mail: bernd@ib-klenner.de Das Ingenieurb\u00fcro Klenner ist seit 2005 in der Beratung, Coaching, Schulung, sowie <a class=\"more-link\" href=\"http:\/\/ib-klenner.de\/\">Weiterlesen \u2192<\/a><\/p>\n","protected":false},"author":1,"featured_media":0,"parent":0,"menu_order":0,"comment_status":"closed","ping_status":"closed","template":"","meta":[],"_links":{"self":[{"href":"http:\/\/ib-klenner.de\/index.php?rest_route=\/wp\/v2\/pages\/17"}],"collection":[{"href":"http:\/\/ib-klenner.de\/index.php?rest_route=\/wp\/v2\/pages"}],"about":[{"href":"http:\/\/ib-klenner.de\/index.php?rest_route=\/wp\/v2\/types\/page"}],"author":[{"embeddable":true,"href":"http:\/\/ib-klenner.de\/index.php?rest_route=\/wp\/v2\/users\/1"}],"replies":[{"embeddable":true,"href":"http:\/\/ib-klenner.de\/index.php?rest_route=%2Fwp%2Fv2%2Fcomments&post=17"}],"version-history":[{"count":14,"href":"http:\/\/ib-klenner.de\/index.php?rest_route=\/wp\/v2\/pages\/17\/revisions"}],"predecessor-version":[{"id":146,"href":"http:\/\/ib-klenner.de\/index.php?rest_route=\/wp\/v2\/pages\/17\/revisions\/146"}],"wp:attachment":[{"href":"http:\/\/ib-klenner.de\/index.php?rest_route=%2Fwp%2Fv2%2Fmedia&parent=17"}],"curies":[{"name":"wp","href":"https:\/\/api.w.org\/{rel}","templated":true}]}}