{"id":8,"date":"2018-02-06T11:37:32","date_gmt":"2018-02-06T10:37:32","guid":{"rendered":"http:\/\/ib-klenner.de\/?page_id=8"},"modified":"2021-02-01T15:44:24","modified_gmt":"2021-02-01T14:44:24","slug":"leistung","status":"publish","type":"page","link":"https:\/\/ib-klenner.de\/?page_id=8","title":{"rendered":"Leistungen"},"content":{"rendered":"<table style=\"height: 1395px;\" width=\"750\">\n<tbody>\n<tr>\n<td colspan=\"4\" width=\"124\">Neben Beratung, Coaching und Schulung sehen wir eine wichtige Aufgabe in der Erbringung individueller Dienstleistungen.<\/td>\n<\/tr>\n<tr>\n<td colspan=\"4\">In vielen Unternehmen sind die Aufgaben des Qualit\u00e4tsmanagements auf eine Person konzentriert und h\u00e4ufig auch in Personalunion mit anderen wichtigen T\u00e4tigkeiten zu bew\u00e4ltigen.<\/td>\n<\/tr>\n<tr>\n<td colspan=\"4\">Hier k\u00f6nnen Ihnen unsere Dienstleistungen eine entscheidende Entlastung f\u00fcr andere Aufgaben schaffen.<\/td>\n<\/tr>\n<tr>\n<td><\/td>\n<td><\/td>\n<td><\/td>\n<td><\/td>\n<\/tr>\n<tr>\n<td>\u25cf<\/td>\n<td colspan=\"3\">Beratung und Coaching beim individuellen Aufbau Ihres Qualit\u00e4tsmanagementsystems nach<br \/>\nDIN EN ISO\/IEC 17025:2018, auch in Verbindung mit DIN EN ISO 9001:2015.<\/td>\n<\/tr>\n<tr>\n<td><\/td>\n<td><\/td>\n<td>\u25cb<\/td>\n<td>Analyse der innerbetrieblichen Abl\u00e4ufe<\/td>\n<\/tr>\n<tr>\n<td><\/td>\n<td><\/td>\n<td>\u25cb<\/td>\n<td>Unterst\u00fctzung bei der Erstellung und laufenden Betreuung Ihrer QM-Dokumentation: QM-Handbuch, Prozess- und Verfahrensanweisungen, Ablaufpl\u00e4ne, Arbeitsanweisungen als Intranetl\u00f6sung und\/oder Papierversion incl.<br \/>\nder erforderlichen Nachweisdokumente; in enger Zusammenarbeit mit den zust\u00e4ndigen Mitarbeitern wird die notwendige und alltagstaugliche, schlanke Dokumentation erstellt<\/td>\n<\/tr>\n<tr>\n<td><\/td>\n<td><\/td>\n<td>\u25cb<\/td>\n<td>Aufzeigen von Verbesserungspotenzialen, Mitarbeit an deren Umsetzung<\/td>\n<\/tr>\n<tr>\n<td><\/td>\n<td>\u25aa<\/td>\n<td colspan=\"2\">Einf\u00fchrung, Betreuung und Weiterentwicklung Ihres Qualit\u00e4tsmanagementsystems<\/td>\n<\/tr>\n<tr>\n<td><\/td>\n<td>\u25aa<\/td>\n<td colspan=\"2\">Durchf\u00fchren von\u00a0internen Audits nach DIN EN ISO\/IEC 17025:2018<br \/>\nSystemteil und f\u00fcr Kalibrierlaboratorien incl. Fachteil (Dimensionelle Messgr\u00f6\u00dfen)<\/td>\n<\/tr>\n<tr>\n<td><\/td>\n<td>\u25aa<\/td>\n<td colspan=\"2\">Vorbereitung auf die Wiederholungs- oder \u00dcberwachungsbegutachtung<\/td>\n<\/tr>\n<tr>\n<td><\/td>\n<td><\/td>\n<td><\/td>\n<td><\/td>\n<\/tr>\n<tr>\n<td>\u25cf<\/td>\n<td colspan=\"3\">Durchf\u00fchrung von Schulungen zum Qualit\u00e4tsmanagement in Ihrem Betrieb:<\/td>\n<\/tr>\n<tr>\n<td><\/td>\n<td>\u25aa<\/td>\n<td colspan=\"2\">Der Mitarbeiter steht hierbei im Mittelpunkt der Ver\u00e4nderungsprozesse einer Organisation. Er wird durch Schulung und Training an die qualit\u00e4tsorientierte Aufgabenerf\u00fcllung herangef\u00fchrt.<\/td>\n<\/tr>\n<tr>\n<td><\/td>\n<td><\/td>\n<td><\/td>\n<td><\/td>\n<\/tr>\n<tr>\n<td>\u25cf<\/td>\n<td colspan=\"3\">Dienstleistungen<\/td>\n<\/tr>\n<tr>\n<td><\/td>\n<td>\u25aa<\/td>\n<td colspan=\"2\">Mitarbeit bei Restrukturierungsma\u00dfnahmen unter QM-Gesichtspunkten<\/td>\n<\/tr>\n<tr>\n<td><\/td>\n<td>\u25aa<\/td>\n<td colspan=\"2\">Moderation von Arbeitskreisen, Qualit\u00e4tszirkeln und Workshops<\/td>\n<\/tr>\n<tr>\n<td><\/td>\n<td>\u25aa<\/td>\n<td colspan=\"2\">Externes Qualit\u00e4tsmanagement<\/td>\n<\/tr>\n<tr>\n<td><\/td>\n<td>\u25aa<\/td>\n<td colspan=\"2\">Qualit\u00e4tsmanagement auf Zeit<\/td>\n<\/tr>\n<tr>\n<td><\/td>\n<td>\u25aa<\/td>\n<td colspan=\"2\">Stellung eines externen Qualit\u00e4tsbeauftragten<\/td>\n<\/tr>\n<tr>\n<td><\/td>\n<td>\u25aa<\/td>\n<td colspan=\"2\">Kontaktpflege mit Sachverst\u00e4ndigen, Begutachtern, Beh\u00f6rden<\/td>\n<\/tr>\n<tr>\n<td><\/td>\n<td>\u25aa<\/td>\n<td colspan=\"2\">Planung, Vorbereitung und Durchf\u00fchrung interner Audits<\/td>\n<\/tr>\n<tr>\n<td><\/td>\n<td>\u25aa<\/td>\n<td colspan=\"2\">Planung, Vorbereitung und Durchf\u00fchrung externer Audits beim Kunden<\/td>\n<\/tr>\n<tr>\n<td><\/td>\n<td>\u25aa<\/td>\n<td colspan=\"2\">Hilfestellung bei Audits\/Begutachtungen Ihrer interessierten Parteien in Ihrem Hause<\/td>\n<\/tr>\n<tr>\n<td><\/td>\n<td>\u25aa<\/td>\n<td colspan=\"2\">Vorbereitung und Aufbau eines Kalibrierlabors bis zur Akkreditierung<\/td>\n<\/tr>\n<tr>\n<td><\/td>\n<td>\u25aa<\/td>\n<td colspan=\"2\">Begutachtung von Pr\u00fcf-\/Kalibrierlaboratorien nach DIN EN ISO\/IEC 17025:2018<\/td>\n<\/tr>\n<tr>\n<td><\/td>\n<td>\u25aa<\/td>\n<td colspan=\"2\">Vorbereitung des Management Reviews<\/td>\n<\/tr>\n<tr>\n<td><\/td>\n<td>\u25aa<\/td>\n<td colspan=\"2\">Erstellen und Pr\u00fcfung der Dokumentation; Zeugnispr\u00fcfung<\/td>\n<\/tr>\n<tr>\n<td><\/td>\n<td>\u25aa<\/td>\n<td colspan=\"2\">Projektbearbeitung im Bereich Qualit\u00e4tsmanagement<\/td>\n<\/tr>\n<tr>\n<td><\/td>\n<td><\/td>\n<td><\/td>\n<td><\/td>\n<\/tr>\n<tr>\n<td>\u25cf<\/td>\n<td colspan=\"3\">Pr\u00fcfmittelmanagement, Kalibrierung<\/td>\n<\/tr>\n<tr>\n<td><\/td>\n<td>\u25aa<\/td>\n<td colspan=\"2\">Auswahl und Beschaffung von Mess- und Pr\u00fcfmitteln<\/td>\n<\/tr>\n<tr>\n<td><\/td>\n<td>\u25aa<\/td>\n<td colspan=\"2\">Datenbank akkreditierter Stellen (DAkkS)<\/td>\n<\/tr>\n<tr>\n<td><\/td>\n<td><\/td>\n<td colspan=\"2\"><a href=\"https:\/\/www.dakks.de\/content\/akkreditierte-stellen-dakks\">https:\/\/www.dakks.de\/content\/akkreditierte-stellen-dakks<\/a><\/td>\n<\/tr>\n<tr>\n<td><\/td>\n<td>\u25aa<\/td>\n<td colspan=\"2\">Beratung, Schulungen und Seminare \u201eKalibrieren, Messen, Pr\u00fcfen, Lehren\u201c<\/td>\n<\/tr>\n<tr>\n<td><\/td>\n<td>\u25aa<\/td>\n<td colspan=\"2\">und vieles mehr<\/td>\n<\/tr>\n<tr>\n<td><\/td>\n<td><\/td>\n<td><\/td>\n<td><\/td>\n<\/tr>\n<tr>\n<td>\u25cf<\/td>\n<td colspan=\"3\">Weitere Themen auf Anfrage<\/td>\n<\/tr>\n<\/tbody>\n<\/table>\n<p>Wenn Sie Interesse an unseren Leistungen haben, nehmen Sie bitte Kontakt zu uns auf. Wir setzen uns gern zu einem unverbindlichen Gespr\u00e4ch mit Ihnen in Verbindung.<\/p>\n","protected":false},"excerpt":{"rendered":"<p>Neben Beratung, Coaching und Schulung sehen wir eine wichtige Aufgabe in der Erbringung individueller Dienstleistungen. In vielen Unternehmen sind die Aufgaben des Qualit\u00e4tsmanagements auf eine Person konzentriert und h\u00e4ufig auch <a class=\"more-link\" href=\"https:\/\/ib-klenner.de\/?page_id=8\">Weiterlesen \u2192<\/a><\/p>\n","protected":false},"author":1,"featured_media":0,"parent":0,"menu_order":0,"comment_status":"closed","ping_status":"closed","template":"","meta":[],"_links":{"self":[{"href":"https:\/\/ib-klenner.de\/index.php?rest_route=\/wp\/v2\/pages\/8"}],"collection":[{"href":"https:\/\/ib-klenner.de\/index.php?rest_route=\/wp\/v2\/pages"}],"about":[{"href":"https:\/\/ib-klenner.de\/index.php?rest_route=\/wp\/v2\/types\/page"}],"author":[{"embeddable":true,"href":"https:\/\/ib-klenner.de\/index.php?rest_route=\/wp\/v2\/users\/1"}],"replies":[{"embeddable":true,"href":"https:\/\/ib-klenner.de\/index.php?rest_route=%2Fwp%2Fv2%2Fcomments&post=8"}],"version-history":[{"count":10,"href":"https:\/\/ib-klenner.de\/index.php?rest_route=\/wp\/v2\/pages\/8\/revisions"}],"predecessor-version":[{"id":114,"href":"https:\/\/ib-klenner.de\/index.php?rest_route=\/wp\/v2\/pages\/8\/revisions\/114"}],"wp:attachment":[{"href":"https:\/\/ib-klenner.de\/index.php?rest_route=%2Fwp%2Fv2%2Fmedia&parent=8"}],"curies":[{"name":"wp","href":"https:\/\/api.w.org\/{rel}","templated":true}]}}